{"id":31832,"date":"2022-02-23T18:32:34","date_gmt":"2022-02-23T21:32:34","guid":{"rendered":"https:\/\/caraiva.com.br\/porto-do-boi\/"},"modified":"2022-03-14T18:34:52","modified_gmt":"2022-03-14T21:34:52","slug":"porto-do-boi","status":"publish","type":"page","link":"https:\/\/caraiva.com.br\/en\/porto-do-boi\/","title":{"rendered":"Porto do Boi"},"content":{"rendered":"<p>[et_pb_section fb_built=&#8221;1&#8243; fullwidth=&#8221;on&#8221; _builder_version=&#8221;3.22&#8243; global_colors_info=&#8221;{}&#8221;][et_pb_fullwidth_header header_fullscreen=&#8221;on&#8221; admin_label=&#8221;Cabe\u00e7alho&#8221; _builder_version=&#8221;4.14.8&#8243; background_image=&#8221;https:\/\/caraiva.com.br\/wp-content\/uploads\/2021\/05\/Caraiva-028.jpg&#8221; parallax=&#8221;on&#8221; z_index_tablet=&#8221;500&#8243; title_text_shadow_horizontal_length_tablet=&#8221;0px&#8221; title_text_shadow_vertical_length_tablet=&#8221;0px&#8221; title_text_shadow_blur_strength_tablet=&#8221;1px&#8221; content_text_shadow_horizontal_length_tablet=&#8221;0px&#8221; content_text_shadow_vertical_length_tablet=&#8221;0px&#8221; content_text_shadow_blur_strength_tablet=&#8221;1px&#8221; subhead_text_shadow_horizontal_length_tablet=&#8221;0px&#8221; subhead_text_shadow_vertical_length_tablet=&#8221;0px&#8221; subhead_text_shadow_blur_strength_tablet=&#8221;1px&#8221; content_link_text_shadow_horizontal_length_tablet=&#8221;0px&#8221; content_link_text_shadow_vertical_length_tablet=&#8221;0px&#8221; content_link_text_shadow_blur_strength_tablet=&#8221;1px&#8221; content_ul_text_shadow_horizontal_length_tablet=&#8221;0px&#8221; content_ul_text_shadow_vertical_length_tablet=&#8221;0px&#8221; content_ul_text_shadow_blur_strength_tablet=&#8221;1px&#8221; content_ol_text_shadow_horizontal_length_tablet=&#8221;0px&#8221; content_ol_text_shadow_vertical_length_tablet=&#8221;0px&#8221; content_ol_text_shadow_blur_strength_tablet=&#8221;1px&#8221; content_quote_text_shadow_horizontal_length_tablet=&#8221;0px&#8221; content_quote_text_shadow_vertical_length_tablet=&#8221;0px&#8221; content_quote_text_shadow_blur_strength_tablet=&#8221;1px&#8221; button_one_text_shadow_horizontal_length_tablet=&#8221;0px&#8221; button_one_text_shadow_vertical_length_tablet=&#8221;0px&#8221; button_one_text_shadow_blur_strength_tablet=&#8221;1px&#8221; button_two_text_shadow_horizontal_length_tablet=&#8221;0px&#8221; button_two_text_shadow_vertical_length_tablet=&#8221;0px&#8221; button_two_text_shadow_blur_strength_tablet=&#8221;1px&#8221; box_shadow_horizontal_tablet=&#8221;0px&#8221; box_shadow_vertical_tablet=&#8221;0px&#8221; box_shadow_blur_tablet=&#8221;40px&#8221; box_shadow_spread_tablet=&#8221;0px&#8221; box_shadow_horizontal_image_tablet=&#8221;0px&#8221; box_shadow_vertical_image_tablet=&#8221;0px&#8221; box_shadow_blur_image_tablet=&#8221;40px&#8221; box_shadow_spread_image_tablet=&#8221;0px&#8221; box_shadow_horizontal_button_one_tablet=&#8221;0px&#8221; box_shadow_vertical_button_one_tablet=&#8221;0px&#8221; box_shadow_blur_button_one_tablet=&#8221;40px&#8221; box_shadow_spread_button_one_tablet=&#8221;0px&#8221; box_shadow_horizontal_button_two_tablet=&#8221;0px&#8221; box_shadow_vertical_button_two_tablet=&#8221;0px&#8221; box_shadow_blur_button_two_tablet=&#8221;40px&#8221; box_shadow_spread_button_two_tablet=&#8221;0px&#8221; text_shadow_horizontal_length_tablet=&#8221;0px&#8221; text_shadow_vertical_length_tablet=&#8221;0px&#8221; text_shadow_blur_strength_tablet=&#8221;1px&#8221; global_colors_info=&#8221;{}&#8221;][\/et_pb_fullwidth_header][\/et_pb_section][et_pb_section fb_built=&#8221;1&#8243; _builder_version=&#8221;3.22&#8243; global_colors_info=&#8221;{}&#8221;][et_pb_row column_structure=&#8221;1_5,3_5,1_5&#8243; _builder_version=&#8221;3.25&#8243; background_size=&#8221;initial&#8221; background_position=&#8221;top_left&#8221; background_repeat=&#8221;repeat&#8221; global_colors_info=&#8221;{}&#8221;][et_pb_column type=&#8221;1_5&#8243; _builder_version=&#8221;3.0.47&#8243; custom_padding=&#8221;|||&#8221; global_colors_info=&#8221;{}&#8221; custom_padding__hover=&#8221;|||&#8221;][\/et_pb_column][et_pb_column type=&#8221;3_5&#8243; _builder_version=&#8221;3.0.47&#8243; custom_padding=&#8221;|||&#8221; global_colors_info=&#8221;{}&#8221; custom_padding__hover=&#8221;|||&#8221;][et_pb_post_title meta=&#8221;off&#8221; featured_image=&#8221;off&#8221; _builder_version=&#8221;3.29.3&#8243; background_color=&#8221;rgba(255,255,255,0)&#8221; parallax=&#8221;on&#8221; text_orientation=&#8221;center&#8221; z_index_tablet=&#8221;500&#8243; title_text_shadow_horizontal_length_tablet=&#8221;0px&#8221; title_text_shadow_vertical_length_tablet=&#8221;0px&#8221; title_text_shadow_blur_strength_tablet=&#8221;1px&#8221; meta_text_shadow_horizontal_length_tablet=&#8221;0px&#8221; meta_text_shadow_vertical_length_tablet=&#8221;0px&#8221; meta_text_shadow_blur_strength_tablet=&#8221;1px&#8221; box_shadow_horizontal_tablet=&#8221;0px&#8221; box_shadow_vertical_tablet=&#8221;0px&#8221; box_shadow_blur_tablet=&#8221;40px&#8221; box_shadow_spread_tablet=&#8221;0px&#8221; text_shadow_horizontal_length_tablet=&#8221;0px&#8221; text_shadow_vertical_length_tablet=&#8221;0px&#8221; text_shadow_blur_strength_tablet=&#8221;1px&#8221; use_border_color=&#8221;off&#8221; global_colors_info=&#8221;{}&#8221;]<br \/>\n[\/et_pb_post_title][et_pb_text _builder_version=&#8221;4.14.9&#8243; background_size=&#8221;initial&#8221; background_position=&#8221;top_left&#8221; background_repeat=&#8221;repeat&#8221; use_border_color=&#8221;off&#8221; border_color=&#8221;#ffffff&#8221; border_style=&#8221;solid&#8221; global_colors_info=&#8221;{}&#8221;]Aldeia Porto do Boi, about 30 minutes by boat from Cara\u00edva, is home to approximately 30 people of the Patax\u00f3 ethnicity in a reserve close to the Monte Pascoal National and Historic Park. It is a small family group that created a Cultural Center open to visitors in 2004 with the aim of promoting the Patax\u00f3 indigenous culture.<\/p>\n<p>In 2013, her main lack of income structure dropped her. Since she had to find ways to earn a living and many other people in search of employment and income Como, the Porto do Boi Cultural Center closed its doors.<\/p>\n<p>Today the current leader, Tig Maturemba Baix\u00ea, found the community and collaborators to help rebuild the center and revitalize the Patax\u00f3 Culture.<\/p>\n<h4>Experience<\/h4>\n<p>By boat on the waters of the Cara\u00edva River, it is possible to reach the entrance to the community and cross a small trail between the Atlantic Forest and the Oca dos Rituais \u2013 a circular space where the presentations take place.<\/p>\n<p>The Porto do Boi Patax\u00f3 Cultural Center provides a cultural experience with the Indians, their rituals, handicrafts, typical foods, body painting and much more.<\/p>\n<p>Monday to Friday all day. On Saturdays, only in the morning.<\/p>\n<p>Transport by boat or buggy.<\/p>\n<p>You can make your reservation <a href=\"https:\/\/news.airbnb.com\/br\/experiencia-caraiva-aldeia-pataxo\/\" target=\"_blank\" rel=\"noopener\">by clicking here<\/a>.<\/p>\n<pre id=\"tw-target-text\" class=\"tw-data-text tw-text-large tw-ta\" dir=\"ltr\" data-placeholder=\"Tradu\u00e7\u00e3o\"><span class=\"Y2IQFc\" lang=\"en\">\u00a0<\/span><\/pre>\n<p>&nbsp;[\/et_pb_text][et_pb_divider color=&#8221;#ffffff&#8221; divider_position=&#8221;bottom&#8221; divider_weight=&#8221;2px&#8221; _builder_version=&#8221;3.29.3&#8243; width=&#8221;40%&#8221; module_alignment=&#8221;center&#8221; z_index_tablet=&#8221;500&#8243; box_shadow_horizontal_tablet=&#8221;0px&#8221; box_shadow_vertical_tablet=&#8221;0px&#8221; box_shadow_blur_tablet=&#8221;40px&#8221; box_shadow_spread_tablet=&#8221;0px&#8221; saved_tabs=&#8221;all&#8221; global_colors_info=&#8221;{}&#8221;][\/et_pb_divider][\/et_pb_column][et_pb_column type=&#8221;1_5&#8243; _builder_version=&#8221;3.0.47&#8243; custom_padding=&#8221;|||&#8221; global_colors_info=&#8221;{}&#8221; custom_padding__hover=&#8221;|||&#8221;][\/et_pb_column][\/et_pb_row][\/et_pb_section][et_pb_section fb_built=&#8221;1&#8243; fullwidth=&#8221;on&#8221; _builder_version=&#8221;3.22&#8243; global_colors_info=&#8221;{}&#8221;][et_pb_fullwidth_image src=&#8221;https:\/\/caraiva.com.br\/wp-content\/uploads\/2022\/03\/porto-do-boi-019.jpg&#8221; alt=&#8221;Porto do Boi, Cara\u00edva, Bahia&#8221; title_text=&#8221;Porto do Boi, Cara\u00edva, Bahia&#8221; show_in_lightbox=&#8221;on&#8221; admin_label=&#8221;Foto cerim\u00f4nia&#8221; _builder_version=&#8221;4.14.9&#8243; animation_style=&#8221;fade&#8221; animation_duration=&#8221;500ms&#8221; z_index_tablet=&#8221;500&#8243; box_shadow_horizontal_tablet=&#8221;0px&#8221; box_shadow_vertical_tablet=&#8221;0px&#8221; box_shadow_blur_tablet=&#8221;40px&#8221; box_shadow_spread_tablet=&#8221;0px&#8221; use_border_color=&#8221;off&#8221; border_color=&#8221;#ffffff&#8221; border_style=&#8221;solid&#8221; animation=&#8221;fade_in&#8221; global_colors_info=&#8221;{}&#8221;]<br \/>\n[\/et_pb_fullwidth_image][\/et_pb_section][et_pb_section fb_built=&#8221;1&#8243; _builder_version=&#8221;3.22&#8243; global_colors_info=&#8221;{}&#8221;][et_pb_row use_custom_gutter=&#8221;on&#8221; gutter_width=&#8221;2&#8243; _builder_version=&#8221;4.14.8&#8243; background_size=&#8221;initial&#8221; background_position=&#8221;top_left&#8221; background_repeat=&#8221;repeat&#8221; width=&#8221;90%&#8221; max_width=&#8221;1280px&#8221; module_alignment=&#8221;center&#8221; global_colors_info=&#8221;{}&#8221;][et_pb_column type=&#8221;4_4&#8243; _builder_version=&#8221;3.0.47&#8243; custom_padding=&#8221;|||&#8221; global_colors_info=&#8221;{}&#8221; custom_padding__hover=&#8221;|||&#8221;][et_pb_gallery gallery_ids=&#8221;31850,31853,31856,31862,31798,31732,31753,31678&#8243; posts_number=&#8221;24&#8243; show_title_and_caption=&#8221;off&#8221; show_pagination=&#8221;off&#8221; _builder_version=&#8221;4.14.9&#8243; text_orientation=&#8221;center&#8221; hover_enabled=&#8221;0&#8243; z_index_tablet=&#8221;500&#8243; title_text_shadow_horizontal_length_tablet=&#8221;0px&#8221; title_text_shadow_vertical_length_tablet=&#8221;0px&#8221; title_text_shadow_blur_strength_tablet=&#8221;1px&#8221; caption_text_shadow_horizontal_length_tablet=&#8221;0px&#8221; caption_text_shadow_vertical_length_tablet=&#8221;0px&#8221; caption_text_shadow_blur_strength_tablet=&#8221;1px&#8221; pagination_text_shadow_horizontal_length_tablet=&#8221;0px&#8221; pagination_text_shadow_vertical_length_tablet=&#8221;0px&#8221; pagination_text_shadow_blur_strength_tablet=&#8221;1px&#8221; box_shadow_horizontal_tablet=&#8221;0px&#8221; box_shadow_vertical_tablet=&#8221;0px&#8221; box_shadow_blur_tablet=&#8221;40px&#8221; box_shadow_spread_tablet=&#8221;0px&#8221; box_shadow_horizontal_image_tablet=&#8221;0px&#8221; box_shadow_vertical_image_tablet=&#8221;0px&#8221; box_shadow_blur_image_tablet=&#8221;40px&#8221; box_shadow_spread_image_tablet=&#8221;0px&#8221; text_shadow_horizontal_length_tablet=&#8221;0px&#8221; text_shadow_vertical_length_tablet=&#8221;0px&#8221; text_shadow_blur_strength_tablet=&#8221;1px&#8221; use_border_color=&#8221;off&#8221; global_colors_info=&#8221;{}&#8221; sticky_enabled=&#8221;0&#8243;][\/et_pb_gallery][\/et_pb_column][\/et_pb_row][\/et_pb_section]<\/p>\n","protected":false},"excerpt":{"rendered":"<p>Aldeia Porto do Boi, about 30 minutes by boat from Cara\u00edva, is home to approximately 30 people of the Patax\u00f3 ethnicity in a reserve close to the Monte Pascoal National and Historic Park. It is a small family group that created a Cultural Center open to visitors in 2004 with the aim of promoting the [&hellip;]<\/p>\n","protected":false},"author":10,"featured_media":31583,"parent":0,"menu_order":0,"comment_status":"closed","ping_status":"closed","template":"","meta":{"_acf_changed":false,"_et_pb_use_builder":"on","_et_pb_old_content":"","_et_gb_content_width":"","footnotes":""},"class_list":["post-31832","page","type-page","status-publish","has-post-thumbnail","hentry"],"acf":[],"yoast_head":"<!-- This site is optimized with the Yoast SEO plugin v27.4 - https:\/\/yoast.com\/product\/yoast-seo-wordpress\/ -->\n<title>Porto do Boi - Cara\u00edva<\/title>\n<meta name=\"description\" content=\"Porto do Boi Reserve, in Cara\u00edva, Bahia. Much more than a beautiful encounter between a river and the sea: a place that leaves marks on hearts.\" \/>\n<meta name=\"robots\" content=\"index, follow, max-snippet:-1, max-image-preview:large, max-video-preview:-1\" \/>\n<link rel=\"canonical\" href=\"https:\/\/caraiva.com.br\/en\/porto-do-boi\/\" \/>\n<meta property=\"og:locale\" content=\"en_US\" \/>\n<meta property=\"og:type\" content=\"article\" \/>\n<meta property=\"og:title\" content=\"Porto do Boi - Cara\u00edva\" \/>\n<meta property=\"og:description\" content=\"Porto do Boi Reserve, in Cara\u00edva, Bahia. Much more than a beautiful encounter between a river and the sea: a place that leaves marks on hearts.\" \/>\n<meta property=\"og:url\" content=\"https:\/\/caraiva.com.br\/en\/porto-do-boi\/\" \/>\n<meta property=\"og:site_name\" content=\"Cara\u00edva\" \/>\n<meta property=\"article:modified_time\" content=\"2022-03-14T21:34:52+00:00\" \/>\n<meta property=\"og:image\" content=\"https:\/\/caraiva.com.br\/wp-content\/uploads\/2021\/05\/Caraiva-028.jpg\" \/>\n\t<meta property=\"og:image:width\" content=\"1280\" \/>\n\t<meta property=\"og:image:height\" content=\"853\" \/>\n\t<meta property=\"og:image:type\" content=\"image\/jpeg\" \/>\n<meta name=\"twitter:card\" content=\"summary_large_image\" \/>\n<meta name=\"twitter:label1\" content=\"Est. reading time\" \/>\n\t<meta name=\"twitter:data1\" content=\"6 minutes\" \/>\n<script type=\"application\/ld+json\" class=\"yoast-schema-graph\">{\"@context\":\"https:\\\/\\\/schema.org\",\"@graph\":[{\"@type\":\"WebPage\",\"@id\":\"https:\\\/\\\/caraiva.com.br\\\/en\\\/porto-do-boi\\\/\",\"url\":\"https:\\\/\\\/caraiva.com.br\\\/en\\\/porto-do-boi\\\/\",\"name\":\"Porto do Boi - Cara\u00edva\",\"isPartOf\":{\"@id\":\"https:\\\/\\\/caraiva.com.br\\\/en\\\/#website\"},\"primaryImageOfPage\":{\"@id\":\"https:\\\/\\\/caraiva.com.br\\\/en\\\/porto-do-boi\\\/#primaryimage\"},\"image\":{\"@id\":\"https:\\\/\\\/caraiva.com.br\\\/en\\\/porto-do-boi\\\/#primaryimage\"},\"thumbnailUrl\":\"https:\\\/\\\/caraiva.com.br\\\/wp-content\\\/uploads\\\/2021\\\/05\\\/Caraiva-028.jpg\",\"datePublished\":\"2022-02-23T21:32:34+00:00\",\"dateModified\":\"2022-03-14T21:34:52+00:00\",\"description\":\"Porto do Boi Reserve, in Cara\u00edva, Bahia. Much more than a beautiful encounter between a river and the sea: a place that leaves marks on hearts.\",\"breadcrumb\":{\"@id\":\"https:\\\/\\\/caraiva.com.br\\\/en\\\/porto-do-boi\\\/#breadcrumb\"},\"inLanguage\":\"en-US\",\"potentialAction\":[{\"@type\":\"ReadAction\",\"target\":[\"https:\\\/\\\/caraiva.com.br\\\/en\\\/porto-do-boi\\\/\"]}]},{\"@type\":\"ImageObject\",\"inLanguage\":\"en-US\",\"@id\":\"https:\\\/\\\/caraiva.com.br\\\/en\\\/porto-do-boi\\\/#primaryimage\",\"url\":\"https:\\\/\\\/caraiva.com.br\\\/wp-content\\\/uploads\\\/2021\\\/05\\\/Caraiva-028.jpg\",\"contentUrl\":\"https:\\\/\\\/caraiva.com.br\\\/wp-content\\\/uploads\\\/2021\\\/05\\\/Caraiva-028.jpg\",\"width\":1280,\"height\":853,\"caption\":\"Foto: L\u00e9o Barreto\"},{\"@type\":\"BreadcrumbList\",\"@id\":\"https:\\\/\\\/caraiva.com.br\\\/en\\\/porto-do-boi\\\/#breadcrumb\",\"itemListElement\":[{\"@type\":\"ListItem\",\"position\":1,\"name\":\"In\u00edcio\",\"item\":\"https:\\\/\\\/caraiva.com.br\\\/en\\\/\"},{\"@type\":\"ListItem\",\"position\":2,\"name\":\"Porto do Boi\"}]},{\"@type\":\"WebSite\",\"@id\":\"https:\\\/\\\/caraiva.com.br\\\/en\\\/#website\",\"url\":\"https:\\\/\\\/caraiva.com.br\\\/en\\\/\",\"name\":\"Cara\u00edva\",\"description\":\"Guia Cara\u00edva - Bahia - Brasil\",\"publisher\":{\"@id\":\"https:\\\/\\\/caraiva.com.br\\\/en\\\/#organization\"},\"potentialAction\":[{\"@type\":\"SearchAction\",\"target\":{\"@type\":\"EntryPoint\",\"urlTemplate\":\"https:\\\/\\\/caraiva.com.br\\\/en\\\/?s={search_term_string}\"},\"query-input\":{\"@type\":\"PropertyValueSpecification\",\"valueRequired\":true,\"valueName\":\"search_term_string\"}}],\"inLanguage\":\"en-US\"},{\"@type\":\"Organization\",\"@id\":\"https:\\\/\\\/caraiva.com.br\\\/en\\\/#organization\",\"name\":\"Guia Cara\u00edva\",\"url\":\"https:\\\/\\\/caraiva.com.br\\\/en\\\/\",\"logo\":{\"@type\":\"ImageObject\",\"inLanguage\":\"en-US\",\"@id\":\"https:\\\/\\\/caraiva.com.br\\\/en\\\/#\\\/schema\\\/logo\\\/image\\\/\",\"url\":\"https:\\\/\\\/caraiva.com.br\\\/wp-content\\\/uploads\\\/2018\\\/04\\\/destaque.jpg\",\"contentUrl\":\"https:\\\/\\\/caraiva.com.br\\\/wp-content\\\/uploads\\\/2018\\\/04\\\/destaque.jpg\",\"width\":1092,\"height\":762,\"caption\":\"Guia Cara\u00edva\"},\"image\":{\"@id\":\"https:\\\/\\\/caraiva.com.br\\\/en\\\/#\\\/schema\\\/logo\\\/image\\\/\"}}]}<\/script>\n<!-- \/ Yoast SEO plugin. -->","yoast_head_json":{"title":"Porto do Boi - Cara\u00edva","description":"Porto do Boi Reserve, in Cara\u00edva, Bahia. Much more than a beautiful encounter between a river and the sea: a place that leaves marks on hearts.","robots":{"index":"index","follow":"follow","max-snippet":"max-snippet:-1","max-image-preview":"max-image-preview:large","max-video-preview":"max-video-preview:-1"},"canonical":"https:\/\/caraiva.com.br\/en\/porto-do-boi\/","og_locale":"en_US","og_type":"article","og_title":"Porto do Boi - Cara\u00edva","og_description":"Porto do Boi Reserve, in Cara\u00edva, Bahia. Much more than a beautiful encounter between a river and the sea: a place that leaves marks on hearts.","og_url":"https:\/\/caraiva.com.br\/en\/porto-do-boi\/","og_site_name":"Cara\u00edva","article_modified_time":"2022-03-14T21:34:52+00:00","og_image":[{"width":1280,"height":853,"url":"https:\/\/caraiva.com.br\/wp-content\/uploads\/2021\/05\/Caraiva-028.jpg","type":"image\/jpeg"}],"twitter_card":"summary_large_image","twitter_misc":{"Est. reading time":"6 minutes"},"schema":{"@context":"https:\/\/schema.org","@graph":[{"@type":"WebPage","@id":"https:\/\/caraiva.com.br\/en\/porto-do-boi\/","url":"https:\/\/caraiva.com.br\/en\/porto-do-boi\/","name":"Porto do Boi - Cara\u00edva","isPartOf":{"@id":"https:\/\/caraiva.com.br\/en\/#website"},"primaryImageOfPage":{"@id":"https:\/\/caraiva.com.br\/en\/porto-do-boi\/#primaryimage"},"image":{"@id":"https:\/\/caraiva.com.br\/en\/porto-do-boi\/#primaryimage"},"thumbnailUrl":"https:\/\/caraiva.com.br\/wp-content\/uploads\/2021\/05\/Caraiva-028.jpg","datePublished":"2022-02-23T21:32:34+00:00","dateModified":"2022-03-14T21:34:52+00:00","description":"Porto do Boi Reserve, in Cara\u00edva, Bahia. Much more than a beautiful encounter between a river and the sea: a place that leaves marks on hearts.","breadcrumb":{"@id":"https:\/\/caraiva.com.br\/en\/porto-do-boi\/#breadcrumb"},"inLanguage":"en-US","potentialAction":[{"@type":"ReadAction","target":["https:\/\/caraiva.com.br\/en\/porto-do-boi\/"]}]},{"@type":"ImageObject","inLanguage":"en-US","@id":"https:\/\/caraiva.com.br\/en\/porto-do-boi\/#primaryimage","url":"https:\/\/caraiva.com.br\/wp-content\/uploads\/2021\/05\/Caraiva-028.jpg","contentUrl":"https:\/\/caraiva.com.br\/wp-content\/uploads\/2021\/05\/Caraiva-028.jpg","width":1280,"height":853,"caption":"Foto: L\u00e9o Barreto"},{"@type":"BreadcrumbList","@id":"https:\/\/caraiva.com.br\/en\/porto-do-boi\/#breadcrumb","itemListElement":[{"@type":"ListItem","position":1,"name":"In\u00edcio","item":"https:\/\/caraiva.com.br\/en\/"},{"@type":"ListItem","position":2,"name":"Porto do Boi"}]},{"@type":"WebSite","@id":"https:\/\/caraiva.com.br\/en\/#website","url":"https:\/\/caraiva.com.br\/en\/","name":"Cara\u00edva","description":"Guia Cara\u00edva - Bahia - Brasil","publisher":{"@id":"https:\/\/caraiva.com.br\/en\/#organization"},"potentialAction":[{"@type":"SearchAction","target":{"@type":"EntryPoint","urlTemplate":"https:\/\/caraiva.com.br\/en\/?s={search_term_string}"},"query-input":{"@type":"PropertyValueSpecification","valueRequired":true,"valueName":"search_term_string"}}],"inLanguage":"en-US"},{"@type":"Organization","@id":"https:\/\/caraiva.com.br\/en\/#organization","name":"Guia Cara\u00edva","url":"https:\/\/caraiva.com.br\/en\/","logo":{"@type":"ImageObject","inLanguage":"en-US","@id":"https:\/\/caraiva.com.br\/en\/#\/schema\/logo\/image\/","url":"https:\/\/caraiva.com.br\/wp-content\/uploads\/2018\/04\/destaque.jpg","contentUrl":"https:\/\/caraiva.com.br\/wp-content\/uploads\/2018\/04\/destaque.jpg","width":1092,"height":762,"caption":"Guia Cara\u00edva"},"image":{"@id":"https:\/\/caraiva.com.br\/en\/#\/schema\/logo\/image\/"}}]}},"jetpack_sharing_enabled":true,"jetpack_shortlink":"https:\/\/wp.me\/P8stGB-8hq","_links":{"self":[{"href":"https:\/\/caraiva.com.br\/en\/wp-json\/wp\/v2\/pages\/31832","targetHints":{"allow":["GET"]}}],"collection":[{"href":"https:\/\/caraiva.com.br\/en\/wp-json\/wp\/v2\/pages"}],"about":[{"href":"https:\/\/caraiva.com.br\/en\/wp-json\/wp\/v2\/types\/page"}],"author":[{"embeddable":true,"href":"https:\/\/caraiva.com.br\/en\/wp-json\/wp\/v2\/users\/10"}],"replies":[{"embeddable":true,"href":"https:\/\/caraiva.com.br\/en\/wp-json\/wp\/v2\/comments?post=31832"}],"version-history":[{"count":7,"href":"https:\/\/caraiva.com.br\/en\/wp-json\/wp\/v2\/pages\/31832\/revisions"}],"predecessor-version":[{"id":31873,"href":"https:\/\/caraiva.com.br\/en\/wp-json\/wp\/v2\/pages\/31832\/revisions\/31873"}],"wp:featuredmedia":[{"embeddable":true,"href":"https:\/\/caraiva.com.br\/en\/wp-json\/wp\/v2\/media\/31583"}],"wp:attachment":[{"href":"https:\/\/caraiva.com.br\/en\/wp-json\/wp\/v2\/media?parent=31832"}],"curies":[{"name":"wp","href":"https:\/\/api.w.org\/{rel}","templated":true}]}}